{"id":922,"date":"2024-06-11T21:38:52","date_gmt":"2024-06-11T19:38:52","guid":{"rendered":"https:\/\/www.lechaletcathare.fr\/?page_id=922"},"modified":"2025-01-10T18:25:34","modified_gmt":"2025-01-10T17:25:34","slug":"hogar","status":"publish","type":"page","link":"https:\/\/www.lechaletcathare.fr\/es\/","title":{"rendered":"Bienvenido"},"content":{"rendered":"","protected":false},"excerpt":{"rendered":"","protected":false},"author":1,"featured_media":0,"parent":0,"menu_order":0,"comment_status":"closed","ping_status":"closed","template":"","meta":{"_acf_changed":false,"_glsr_average":0,"_glsr_ranking":0,"_glsr_reviews":0,"footnotes":""},"class_list":["post-922","page","type-page","status-publish","hentry"],"acf":[],"yoast_head":"<!-- This site is optimized with the Yoast SEO plugin v27.1.1 - https:\/\/yoast.com\/product\/yoast-seo-wordpress\/ -->\n<title>G\u00eete \u00e0 Saissac - Maison de vacances dans l&#039;Aude<\/title>\n<meta name=\"description\" content=\"Situ\u00e9 au c\u0153ur du Pays Cathare. G\u00eete avec piscine, spa et grande terrasse. Proche Revel, Saint-Ferr\u00e9ol, Castelnaudary et Carcassonne\" \/>\n<meta name=\"robots\" content=\"index, follow, max-snippet:-1, max-image-preview:large, max-video-preview:-1\" \/>\n<link rel=\"canonical\" href=\"https:\/\/www.lechaletcathare.fr\/es\/\" \/>\n<meta property=\"og:locale\" content=\"es_ES\" \/>\n<meta property=\"og:type\" content=\"article\" \/>\n<meta property=\"og:title\" content=\"G\u00eete \u00e0 Saissac - Maison de vacances dans l&#039;Aude\" \/>\n<meta property=\"og:description\" content=\"Situ\u00e9 au c\u0153ur du Pays Cathare. G\u00eete avec piscine, spa et grande terrasse. Proche Revel, Saint-Ferr\u00e9ol, Castelnaudary et Carcassonne\" \/>\n<meta property=\"og:url\" content=\"https:\/\/www.lechaletcathare.fr\/es\/\" \/>\n<meta property=\"og:site_name\" content=\"Le Chalet Cathare\" \/>\n<meta property=\"article:modified_time\" content=\"2025-01-10T17:25:34+00:00\" \/>\n<meta name=\"twitter:card\" content=\"summary_large_image\" \/>\n<script type=\"application\/ld+json\" class=\"yoast-schema-graph\">{\"@context\":\"https:\/\/schema.org\",\"@graph\":[{\"@type\":\"WebPage\",\"@id\":\"https:\/\/www.lechaletcathare.fr\/\",\"url\":\"https:\/\/www.lechaletcathare.fr\/\",\"name\":\"G\u00eete \u00e0 Saissac - Maison de vacances dans l'Aude\",\"isPartOf\":{\"@id\":\"https:\/\/www.lechaletcathare.fr\/#website\"},\"datePublished\":\"2024-06-11T19:38:52+00:00\",\"dateModified\":\"2025-01-10T17:25:34+00:00\",\"description\":\"Situ\u00e9 au c\u0153ur du Pays Cathare. G\u00eete avec piscine, spa et grande terrasse. Proche Revel, Saint-Ferr\u00e9ol, Castelnaudary et Carcassonne\",\"breadcrumb\":{\"@id\":\"https:\/\/www.lechaletcathare.fr\/#breadcrumb\"},\"inLanguage\":\"es\",\"potentialAction\":[{\"@type\":\"ReadAction\",\"target\":[\"https:\/\/www.lechaletcathare.fr\/\"]}]},{\"@type\":\"BreadcrumbList\",\"@id\":\"https:\/\/www.lechaletcathare.fr\/#breadcrumb\",\"itemListElement\":[{\"@type\":\"ListItem\",\"position\":1,\"name\":\"Accueil\",\"item\":\"https:\/\/www.lechaletcathare.fr\/\"},{\"@type\":\"ListItem\",\"position\":2,\"name\":\"Accueil\"}]},{\"@type\":\"WebSite\",\"@id\":\"https:\/\/www.lechaletcathare.fr\/#website\",\"url\":\"https:\/\/www.lechaletcathare.fr\/\",\"name\":\"Le Chalet Cathare\",\"description\":\"G\u00eete Montagne Noire\",\"publisher\":{\"@id\":\"https:\/\/www.lechaletcathare.fr\/#organization\"},\"potentialAction\":[{\"@type\":\"SearchAction\",\"target\":{\"@type\":\"EntryPoint\",\"urlTemplate\":\"https:\/\/www.lechaletcathare.fr\/?s={search_term_string}\"},\"query-input\":{\"@type\":\"PropertyValueSpecification\",\"valueRequired\":true,\"valueName\":\"search_term_string\"}}],\"inLanguage\":\"es\"},{\"@type\":\"Organization\",\"@id\":\"https:\/\/www.lechaletcathare.fr\/#organization\",\"name\":\"Le Chalet Cathare\",\"url\":\"https:\/\/www.lechaletcathare.fr\/\",\"logo\":{\"@type\":\"ImageObject\",\"inLanguage\":\"es\",\"@id\":\"https:\/\/www.lechaletcathare.fr\/#\/schema\/logo\/image\/\",\"url\":\"https:\/\/www.lechaletcathare.fr\/wp-content\/uploads\/2024\/06\/Group-37-3.png\",\"contentUrl\":\"https:\/\/www.lechaletcathare.fr\/wp-content\/uploads\/2024\/06\/Group-37-3.png\",\"width\":500,\"height\":98,\"caption\":\"Le Chalet Cathare\"},\"image\":{\"@id\":\"https:\/\/www.lechaletcathare.fr\/#\/schema\/logo\/image\/\"}}]}<\/script>\n<!-- \/ Yoast SEO plugin. -->","yoast_head_json":{"title":"Casa rural en Saissac - Casa de vacaciones en Aude","description":"Situado en el coraz\u00f3n del Pa\u00eds C\u00e1taro. Casa rural con piscina, spa y amplia terraza. Cerca de Revel, Saint-Ferr\u00e9ol, Castelnaudary y Carcasona","robots":{"index":"index","follow":"follow","max-snippet":"max-snippet:-1","max-image-preview":"max-image-preview:large","max-video-preview":"max-video-preview:-1"},"canonical":"https:\/\/www.lechaletcathare.fr\/es\/","og_locale":"es_ES","og_type":"article","og_title":"G\u00eete \u00e0 Saissac - Maison de vacances dans l'Aude","og_description":"Situ\u00e9 au c\u0153ur du Pays Cathare. G\u00eete avec piscine, spa et grande terrasse. Proche Revel, Saint-Ferr\u00e9ol, Castelnaudary et Carcassonne","og_url":"https:\/\/www.lechaletcathare.fr\/es\/","og_site_name":"Le Chalet Cathare","article_modified_time":"2025-01-10T17:25:34+00:00","twitter_card":"summary_large_image","schema":{"@context":"https:\/\/schema.org","@graph":[{"@type":"WebPage","@id":"https:\/\/www.lechaletcathare.fr\/","url":"https:\/\/www.lechaletcathare.fr\/","name":"Casa rural en Saissac - Casa de vacaciones en Aude","isPartOf":{"@id":"https:\/\/www.lechaletcathare.fr\/#website"},"datePublished":"2024-06-11T19:38:52+00:00","dateModified":"2025-01-10T17:25:34+00:00","description":"Situado en el coraz\u00f3n del Pa\u00eds C\u00e1taro. Casa rural con piscina, spa y amplia terraza. Cerca de Revel, Saint-Ferr\u00e9ol, Castelnaudary y Carcasona","breadcrumb":{"@id":"https:\/\/www.lechaletcathare.fr\/#breadcrumb"},"inLanguage":"es","potentialAction":[{"@type":"ReadAction","target":["https:\/\/www.lechaletcathare.fr\/"]}]},{"@type":"BreadcrumbList","@id":"https:\/\/www.lechaletcathare.fr\/#breadcrumb","itemListElement":[{"@type":"ListItem","position":1,"name":"Accueil","item":"https:\/\/www.lechaletcathare.fr\/"},{"@type":"ListItem","position":2,"name":"Accueil"}]},{"@type":"WebSite","@id":"https:\/\/www.lechaletcathare.fr\/#website","url":"https:\/\/www.lechaletcathare.fr\/","name":"El chalet c\u00e1taro","description":"Casa rural Monta\u00f1a Negra","publisher":{"@id":"https:\/\/www.lechaletcathare.fr\/#organization"},"potentialAction":[{"@type":"SearchAction","target":{"@type":"EntryPoint","urlTemplate":"https:\/\/www.lechaletcathare.fr\/?s={search_term_string}"},"query-input":{"@type":"PropertyValueSpecification","valueRequired":true,"valueName":"search_term_string"}}],"inLanguage":"es"},{"@type":"Organization","@id":"https:\/\/www.lechaletcathare.fr\/#organization","name":"El chalet c\u00e1taro","url":"https:\/\/www.lechaletcathare.fr\/","logo":{"@type":"ImageObject","inLanguage":"es","@id":"https:\/\/www.lechaletcathare.fr\/#\/schema\/logo\/image\/","url":"https:\/\/www.lechaletcathare.fr\/wp-content\/uploads\/2024\/06\/Group-37-3.png","contentUrl":"https:\/\/www.lechaletcathare.fr\/wp-content\/uploads\/2024\/06\/Group-37-3.png","width":500,"height":98,"caption":"Le Chalet Cathare"},"image":{"@id":"https:\/\/www.lechaletcathare.fr\/#\/schema\/logo\/image\/"}}]}},"_links":{"self":[{"href":"https:\/\/www.lechaletcathare.fr\/es\/wp-json\/wp\/v2\/pages\/922","targetHints":{"allow":["GET"]}}],"collection":[{"href":"https:\/\/www.lechaletcathare.fr\/es\/wp-json\/wp\/v2\/pages"}],"about":[{"href":"https:\/\/www.lechaletcathare.fr\/es\/wp-json\/wp\/v2\/types\/page"}],"author":[{"embeddable":true,"href":"https:\/\/www.lechaletcathare.fr\/es\/wp-json\/wp\/v2\/users\/1"}],"replies":[{"embeddable":true,"href":"https:\/\/www.lechaletcathare.fr\/es\/wp-json\/wp\/v2\/comments?post=922"}],"version-history":[{"count":70,"href":"https:\/\/www.lechaletcathare.fr\/es\/wp-json\/wp\/v2\/pages\/922\/revisions"}],"predecessor-version":[{"id":1430,"href":"https:\/\/www.lechaletcathare.fr\/es\/wp-json\/wp\/v2\/pages\/922\/revisions\/1430"}],"wp:attachment":[{"href":"https:\/\/www.lechaletcathare.fr\/es\/wp-json\/wp\/v2\/media?parent=922"}],"curies":[{"name":"wp","href":"https:\/\/api.w.org\/{rel}","templated":true}]}}