{"id":6,"date":"2024-06-11T21:38:52","date_gmt":"2024-06-11T19:38:52","guid":{"rendered":"https:\/\/www.lechaletcathare.fr\/?page_id=6"},"modified":"2024-12-06T15:56:59","modified_gmt":"2024-12-06T14:56:59","slug":"la-cabana","status":"publish","type":"page","link":"https:\/\/www.lechaletcathare.fr\/es\/la-cabana\/","title":{"rendered":"el albergue"},"content":{"rendered":"","protected":false},"excerpt":{"rendered":"","protected":false},"author":1,"featured_media":0,"parent":0,"menu_order":0,"comment_status":"closed","ping_status":"closed","template":"","meta":{"_acf_changed":false,"_glsr_average":0,"_glsr_ranking":0,"_glsr_reviews":0,"footnotes":""},"class_list":["post-6","page","type-page","status-publish","hentry"],"acf":[],"yoast_head":"<!-- This site is optimized with the Yoast SEO plugin v27.1.1 - https:\/\/yoast.com\/product\/yoast-seo-wordpress\/ -->\n<title>Le Chalet Cathare - Maison avec jacuzzi et sauna \u00e0 Saissac<\/title>\n<meta name=\"description\" content=\"D\u00e9couvrez notre chalet de vacances tout \u00e9quip\u00e9e \u00e0 20 minutes de Carcassonne. Calme et repos en toutes saisons\" \/>\n<meta name=\"robots\" content=\"index, follow, max-snippet:-1, max-image-preview:large, max-video-preview:-1\" \/>\n<link rel=\"canonical\" href=\"https:\/\/www.lechaletcathare.fr\/es\/la-cabana\/\" \/>\n<meta property=\"og:locale\" content=\"es_ES\" \/>\n<meta property=\"og:type\" content=\"article\" \/>\n<meta property=\"og:title\" content=\"Le Chalet Cathare - Maison avec jacuzzi et sauna \u00e0 Saissac\" \/>\n<meta property=\"og:description\" content=\"D\u00e9couvrez notre chalet de vacances tout \u00e9quip\u00e9e \u00e0 20 minutes de Carcassonne. Calme et repos en toutes saisons\" \/>\n<meta property=\"og:url\" content=\"https:\/\/www.lechaletcathare.fr\/es\/la-cabana\/\" \/>\n<meta property=\"og:site_name\" content=\"Le Chalet Cathare\" \/>\n<meta property=\"article:modified_time\" content=\"2024-12-06T14:56:59+00:00\" \/>\n<meta name=\"twitter:card\" content=\"summary_large_image\" \/>\n<script type=\"application\/ld+json\" class=\"yoast-schema-graph\">{\"@context\":\"https:\/\/schema.org\",\"@graph\":[{\"@type\":\"WebPage\",\"@id\":\"https:\/\/www.lechaletcathare.fr\/le-gite\/\",\"url\":\"https:\/\/www.lechaletcathare.fr\/le-gite\/\",\"name\":\"Le Chalet Cathare - Maison avec jacuzzi et sauna \u00e0 Saissac\",\"isPartOf\":{\"@id\":\"https:\/\/www.lechaletcathare.fr\/#website\"},\"datePublished\":\"2024-06-11T19:38:52+00:00\",\"dateModified\":\"2024-12-06T14:56:59+00:00\",\"description\":\"D\u00e9couvrez notre chalet de vacances tout \u00e9quip\u00e9e \u00e0 20 minutes de Carcassonne. Calme et repos en toutes saisons\",\"breadcrumb\":{\"@id\":\"https:\/\/www.lechaletcathare.fr\/le-gite\/#breadcrumb\"},\"inLanguage\":\"es\",\"potentialAction\":[{\"@type\":\"ReadAction\",\"target\":[\"https:\/\/www.lechaletcathare.fr\/le-gite\/\"]}]},{\"@type\":\"BreadcrumbList\",\"@id\":\"https:\/\/www.lechaletcathare.fr\/le-gite\/#breadcrumb\",\"itemListElement\":[{\"@type\":\"ListItem\",\"position\":1,\"name\":\"Accueil\",\"item\":\"https:\/\/www.lechaletcathare.fr\/\"},{\"@type\":\"ListItem\",\"position\":2,\"name\":\"Le g\u00eete\"}]},{\"@type\":\"WebSite\",\"@id\":\"https:\/\/www.lechaletcathare.fr\/#website\",\"url\":\"https:\/\/www.lechaletcathare.fr\/\",\"name\":\"Le Chalet Cathare\",\"description\":\"G\u00eete Montagne Noire\",\"publisher\":{\"@id\":\"https:\/\/www.lechaletcathare.fr\/#organization\"},\"potentialAction\":[{\"@type\":\"SearchAction\",\"target\":{\"@type\":\"EntryPoint\",\"urlTemplate\":\"https:\/\/www.lechaletcathare.fr\/?s={search_term_string}\"},\"query-input\":{\"@type\":\"PropertyValueSpecification\",\"valueRequired\":true,\"valueName\":\"search_term_string\"}}],\"inLanguage\":\"es\"},{\"@type\":\"Organization\",\"@id\":\"https:\/\/www.lechaletcathare.fr\/#organization\",\"name\":\"Le Chalet Cathare\",\"url\":\"https:\/\/www.lechaletcathare.fr\/\",\"logo\":{\"@type\":\"ImageObject\",\"inLanguage\":\"es\",\"@id\":\"https:\/\/www.lechaletcathare.fr\/#\/schema\/logo\/image\/\",\"url\":\"https:\/\/www.lechaletcathare.fr\/wp-content\/uploads\/2024\/06\/Group-37-3.png\",\"contentUrl\":\"https:\/\/www.lechaletcathare.fr\/wp-content\/uploads\/2024\/06\/Group-37-3.png\",\"width\":500,\"height\":98,\"caption\":\"Le Chalet Cathare\"},\"image\":{\"@id\":\"https:\/\/www.lechaletcathare.fr\/#\/schema\/logo\/image\/\"}}]}<\/script>\n<!-- \/ Yoast SEO plugin. -->","yoast_head_json":{"title":"Le Chalet Cathare - Casa con jacuzzi y sauna en Saissac","description":"Descubra nuestro chalet de vacaciones totalmente equipado a 20 minutos de Carcasona. Calma y descanso en todas las estaciones.","robots":{"index":"index","follow":"follow","max-snippet":"max-snippet:-1","max-image-preview":"max-image-preview:large","max-video-preview":"max-video-preview:-1"},"canonical":"https:\/\/www.lechaletcathare.fr\/es\/la-cabana\/","og_locale":"es_ES","og_type":"article","og_title":"Le Chalet Cathare - Maison avec jacuzzi et sauna \u00e0 Saissac","og_description":"D\u00e9couvrez notre chalet de vacances tout \u00e9quip\u00e9e \u00e0 20 minutes de Carcassonne. Calme et repos en toutes saisons","og_url":"https:\/\/www.lechaletcathare.fr\/es\/la-cabana\/","og_site_name":"Le Chalet Cathare","article_modified_time":"2024-12-06T14:56:59+00:00","twitter_card":"summary_large_image","schema":{"@context":"https:\/\/schema.org","@graph":[{"@type":"WebPage","@id":"https:\/\/www.lechaletcathare.fr\/le-gite\/","url":"https:\/\/www.lechaletcathare.fr\/le-gite\/","name":"Le Chalet Cathare - Casa con jacuzzi y sauna en Saissac","isPartOf":{"@id":"https:\/\/www.lechaletcathare.fr\/#website"},"datePublished":"2024-06-11T19:38:52+00:00","dateModified":"2024-12-06T14:56:59+00:00","description":"Descubra nuestro chalet de vacaciones totalmente equipado a 20 minutos de Carcasona. Calma y descanso en todas las estaciones.","breadcrumb":{"@id":"https:\/\/www.lechaletcathare.fr\/le-gite\/#breadcrumb"},"inLanguage":"es","potentialAction":[{"@type":"ReadAction","target":["https:\/\/www.lechaletcathare.fr\/le-gite\/"]}]},{"@type":"BreadcrumbList","@id":"https:\/\/www.lechaletcathare.fr\/le-gite\/#breadcrumb","itemListElement":[{"@type":"ListItem","position":1,"name":"Accueil","item":"https:\/\/www.lechaletcathare.fr\/"},{"@type":"ListItem","position":2,"name":"Le g\u00eete"}]},{"@type":"WebSite","@id":"https:\/\/www.lechaletcathare.fr\/#website","url":"https:\/\/www.lechaletcathare.fr\/","name":"El chalet c\u00e1taro","description":"Casa rural Monta\u00f1a Negra","publisher":{"@id":"https:\/\/www.lechaletcathare.fr\/#organization"},"potentialAction":[{"@type":"SearchAction","target":{"@type":"EntryPoint","urlTemplate":"https:\/\/www.lechaletcathare.fr\/?s={search_term_string}"},"query-input":{"@type":"PropertyValueSpecification","valueRequired":true,"valueName":"search_term_string"}}],"inLanguage":"es"},{"@type":"Organization","@id":"https:\/\/www.lechaletcathare.fr\/#organization","name":"El chalet c\u00e1taro","url":"https:\/\/www.lechaletcathare.fr\/","logo":{"@type":"ImageObject","inLanguage":"es","@id":"https:\/\/www.lechaletcathare.fr\/#\/schema\/logo\/image\/","url":"https:\/\/www.lechaletcathare.fr\/wp-content\/uploads\/2024\/06\/Group-37-3.png","contentUrl":"https:\/\/www.lechaletcathare.fr\/wp-content\/uploads\/2024\/06\/Group-37-3.png","width":500,"height":98,"caption":"Le Chalet Cathare"},"image":{"@id":"https:\/\/www.lechaletcathare.fr\/#\/schema\/logo\/image\/"}}]}},"_links":{"self":[{"href":"https:\/\/www.lechaletcathare.fr\/es\/wp-json\/wp\/v2\/pages\/6","targetHints":{"allow":["GET"]}}],"collection":[{"href":"https:\/\/www.lechaletcathare.fr\/es\/wp-json\/wp\/v2\/pages"}],"about":[{"href":"https:\/\/www.lechaletcathare.fr\/es\/wp-json\/wp\/v2\/types\/page"}],"author":[{"embeddable":true,"href":"https:\/\/www.lechaletcathare.fr\/es\/wp-json\/wp\/v2\/users\/1"}],"replies":[{"embeddable":true,"href":"https:\/\/www.lechaletcathare.fr\/es\/wp-json\/wp\/v2\/comments?post=6"}],"version-history":[{"count":35,"href":"https:\/\/www.lechaletcathare.fr\/es\/wp-json\/wp\/v2\/pages\/6\/revisions"}],"predecessor-version":[{"id":1424,"href":"https:\/\/www.lechaletcathare.fr\/es\/wp-json\/wp\/v2\/pages\/6\/revisions\/1424"}],"wp:attachment":[{"href":"https:\/\/www.lechaletcathare.fr\/es\/wp-json\/wp\/v2\/media?parent=6"}],"curies":[{"name":"wp","href":"https:\/\/api.w.org\/{rel}","templated":true}]}}